{"id":2067,"date":"2012-09-12T08:45:04","date_gmt":"2012-09-12T13:45:04","guid":{"rendered":"http:\/\/b0fcf05097.nxcli.io\/vision-2\/"},"modified":"2013-06-10T13:06:50","modified_gmt":"2013-06-10T18:06:50","slug":"vision","status":"publish","type":"page","link":"https:\/\/nct-us.com\/de\/vision\/","title":{"rendered":"Vision"},"content":{"rendered":"<p><!DOCTYPE html><br \/>\n<html><br \/>\n<a  rel=\"attachment wp-att-1133\"><img loading=\"lazy\" decoding=\"async\" src=\"https:\/\/nct-us.com\/wp-content\/uploads\/2012\/04\/Camera_Pic.jpg\" alt=\"\" title=\"Camera_Pic\" width=\"255\" height=\"255\" class=\"aligncenter size-full wp-image-1133\" srcset=\"https:\/\/nct-us.com\/wp-content\/uploads\/2012\/04\/Camera_Pic.jpg 255w, https:\/\/nct-us.com\/wp-content\/uploads\/2012\/04\/Camera_Pic-150x150.jpg 150w, https:\/\/nct-us.com\/wp-content\/uploads\/2012\/04\/Camera_Pic-65x65.jpg 65w\" sizes=\"auto, (max-width: 255px) 100vw, 255px\" \/><\/a><\/p>\n<p>NCT verwendet irgendeine Art von Vision Qualit\u00e4tskontrolle \/ control in fast jedem Flie\u00dfband Linie, die wir installiert haben. W\u00e4hrend die meisten von ihnen gewesen Qualit\u00e4tskontrolle Kameras tun wir auch Teil-und Robotersteuerung. J\u00fcngste Tests mit einem Vision-System f\u00fcr die Kontrolle der Qualit\u00e4t einer bearbeiteten Fl\u00e4che produziert Richtigkeit Ergebnisse auf Augenh\u00f6he mit Laser-Mess-Systeme.<\/p>\n<p>Wir arbeiten mit mehreren verschiedenen Arten von Vision-Systemen (unthttps:\/\/nct-us.com\/de\/vision\/en) und habe genug Erfahrung, dass jedes neue System schnell in unsere Wissensbasis aufgenommen werden.<\/p>\n<p> Unten ist eine Liste von Vision-Systemen, dass NCT k\u00fcrzlich verwendet:<\/p>\n<dt> Kameras: <\/dt>\n<dd> Cognex <\/dd>\n<dd> Dalsa <\/dd>\n<dd> Keyence <\/dd>\n<dt> 3D Scanning <\/dt>\n<dd>\n<p> Sick IVC Scanner <\/p>\n<dd>\n","protected":false},"excerpt":{"rendered":"<p>NCT verwendet irgendeine Art von Vision Qualit\u00e4tskontrolle \/ control in fast jedem Flie\u00dfband Linie, die wir installiert haben. W\u00e4hrend die meisten von ihnen gewesen Qualit\u00e4tskontrolle Kameras tun wir auch Teil-und Robotersteuerung. J\u00fcngste Tests mit einem Vision-System f\u00fcr die Kontrolle der Qualit\u00e4t einer bearbeiteten Fl\u00e4che produziert Richtigkeit Ergebnisse auf Augenh\u00f6he mit Laser-Mess-Systeme. Wir arbeiten mit mehreren [&hellip;]<\/p>\n","protected":false},"author":3,"featured_media":0,"parent":0,"menu_order":0,"comment_status":"open","ping_status":"open","template":"","meta":{"ngg_post_thumbnail":0,"footnotes":""},"class_list":["post-2067","page","type-page","status-publish","hentry","entry"],"_links":{"self":[{"href":"https:\/\/nct-us.com\/de\/wp-json\/wp\/v2\/pages\/2067","targetHints":{"allow":["GET"]}}],"collection":[{"href":"https:\/\/nct-us.com\/de\/wp-json\/wp\/v2\/pages"}],"about":[{"href":"https:\/\/nct-us.com\/de\/wp-json\/wp\/v2\/types\/page"}],"author":[{"embeddable":true,"href":"https:\/\/nct-us.com\/de\/wp-json\/wp\/v2\/users\/3"}],"replies":[{"embeddable":true,"href":"https:\/\/nct-us.com\/de\/wp-json\/wp\/v2\/comments?post=2067"}],"version-history":[{"count":4,"href":"https:\/\/nct-us.com\/de\/wp-json\/wp\/v2\/pages\/2067\/revisions"}],"predecessor-version":[{"id":2071,"href":"https:\/\/nct-us.com\/de\/wp-json\/wp\/v2\/pages\/2067\/revisions\/2071"}],"wp:attachment":[{"href":"https:\/\/nct-us.com\/de\/wp-json\/wp\/v2\/media?parent=2067"}],"curies":[{"name":"wp","href":"https:\/\/api.w.org\/{rel}","templated":true}]}}