{"id":2060,"date":"2012-09-12T08:44:12","date_gmt":"2012-09-12T13:44:12","guid":{"rendered":"http:\/\/b0fcf05097.nxcli.io\/process-engineering-2\/"},"modified":"2013-06-10T13:03:39","modified_gmt":"2013-06-10T18:03:39","slug":"process-engineering","status":"publish","type":"page","link":"https:\/\/nct-us.com\/de\/process-engineering\/","title":{"rendered":"Verfahrenstechnik"},"content":{"rendered":"<p>&nbsp;<\/p>\n<p>&nbsp;<\/p>\n<p>NCT ist eine Gruppe von Ingenieuren und Technikern mit langj\u00e4hriger bei der L\u00f6sung komplizierter Probleme zu komplexen Maschinen. Jeder unserer Mitarbeiter hat die H\u00e4nde auf Erfahrung in der Herstellung ein Prozess kosteng\u00fcnstiger und effizienter. Beitrag zum Erfolg unserer Kunden ist das prim\u00e4re Ziel bei NCT.<\/p>\n<p><img loading=\"lazy\" decoding=\"async\" class=\"aligncenter size-medium wp-image-1272\" title=\"Efficiency\" alt=\"\" src=\"https:\/\/nct-us.com\/wp-content\/uploads\/2012\/07\/increase-efficiency-graph-300x262.jpg\" width=\"300\" height=\"262\" srcset=\"https:\/\/nct-us.com\/wp-content\/uploads\/2012\/07\/increase-efficiency-graph-300x262.jpg 300w, https:\/\/nct-us.com\/wp-content\/uploads\/2012\/07\/increase-efficiency-graph.jpg 325w\" sizes=\"auto, (max-width: 300px) 100vw, 300px\" \/><\/p>\n<p>Wir bieten die Erfahrung und das Know-how unserer Ingenieure den Kunden als Verfahrenstechniker. Wenn Sie eine Maschine oder Anlage, die Sie f\u00fchlen k\u00f6nnte zu einem h\u00f6heren Standard bitte <a href=\"mailto:contact@nct-inc.com\"> Kontakt durchzuf\u00fchren haben <\/ a>, und wir w\u00fcrden uns freuen, unsere Erfahrungen an die Arbeit f\u00fcr Sie.<\/p>\n<p>&nbsp;<\/p>\n<p>&nbsp;<\/p>\n","protected":false},"excerpt":{"rendered":"<p>&nbsp; &nbsp; NCT ist eine Gruppe von Ingenieuren und Technikern mit langj\u00e4hriger bei der L\u00f6sung komplizierter Probleme zu komplexen Maschinen. Jeder unserer Mitarbeiter hat die H\u00e4nde auf Erfahrung in der Herstellung ein Prozess kosteng\u00fcnstiger und effizienter. Beitrag zum Erfolg unserer Kunden ist das prim\u00e4re Ziel bei NCT. Wir bieten die Erfahrung und das Know-how unserer [&hellip;]<\/p>\n","protected":false},"author":3,"featured_media":0,"parent":0,"menu_order":0,"comment_status":"open","ping_status":"open","template":"","meta":{"ngg_post_thumbnail":0,"footnotes":""},"class_list":["post-2060","page","type-page","status-publish","hentry","entry"],"_links":{"self":[{"href":"https:\/\/nct-us.com\/de\/wp-json\/wp\/v2\/pages\/2060","targetHints":{"allow":["GET"]}}],"collection":[{"href":"https:\/\/nct-us.com\/de\/wp-json\/wp\/v2\/pages"}],"about":[{"href":"https:\/\/nct-us.com\/de\/wp-json\/wp\/v2\/types\/page"}],"author":[{"embeddable":true,"href":"https:\/\/nct-us.com\/de\/wp-json\/wp\/v2\/users\/3"}],"replies":[{"embeddable":true,"href":"https:\/\/nct-us.com\/de\/wp-json\/wp\/v2\/comments?post=2060"}],"version-history":[{"count":2,"href":"https:\/\/nct-us.com\/de\/wp-json\/wp\/v2\/pages\/2060\/revisions"}],"predecessor-version":[{"id":2066,"href":"https:\/\/nct-us.com\/de\/wp-json\/wp\/v2\/pages\/2060\/revisions\/2066"}],"wp:attachment":[{"href":"https:\/\/nct-us.com\/de\/wp-json\/wp\/v2\/media?parent=2060"}],"curies":[{"name":"wp","href":"https:\/\/api.w.org\/{rel}","templated":true}]}}