{"id":2056,"date":"2012-08-08T11:34:05","date_gmt":"2012-08-08T16:34:05","guid":{"rendered":"http:\/\/b0fcf05097.nxcli.io\/engineeringdesign-2\/"},"modified":"2013-06-10T12:58:36","modified_gmt":"2013-06-10T17:58:36","slug":"engineeringdesign","status":"publish","type":"page","link":"https:\/\/nct-us.com\/de\/engineeringdesign\/","title":{"rendered":"Engineering Design"},"content":{"rendered":"<p><object width=\"420\" height=\"315\"><param name=\"movie\" value=\"http:\/\/www.youtube.com\/v\/zy2UJt7tEKM?hl=en_US&amp;version=3&amp;rel=0\"><\/param><param name=\"allowFullScreen\" value=\"true\"><\/param><param name=\"allowscriptaccess\" value=\"always\"><\/param><embed src=\"http:\/\/www.youtube.com\/v\/zy2UJt7tEKM?hl=en_US&amp;version=3&amp;rel=0\" type=\"application\/x-shockwave-flash\" width=\"420\" height=\"315\" allowscriptaccess=\"always\" allowfullscreen=\"true\"><\/embed><\/object><br \/>\n&nbsp;<\/p>\n<p>&nbsp;<\/p>\n<p>NCT hat Ingenieure mit jahrzehntelanger Erfahrung Konstruktion und Fertigung. Neben der Gestaltung unserer eigenen Maschinen, die wir auch wieder Design und Upgrade-Maschinen, um die Leistung zu verbessern oder neue Funktionen hinzuzuf\u00fcgen. Das Video oben zeigt eine individuelle L\u00f6sung f\u00fcr eine Qualit\u00e4tskontrolle. Eingebettet in unsere Entw\u00fcrfe sind Qualit\u00e4t, Benutzerfreundlichkeit, Effizienz und Einfachheit. Wir ber\u00fccksichtigen m\u00f6glich Wartung Schwierigkeiten zu halten und entwickeln unsere Maschinen in einer Weise, die f\u00fcr einen leichten Zugang erm\u00f6glicht.<\/p>\n<p>&nbsp;<\/p>\n<p>Der Entwurf zeigt eine flexible Roboterzelle f\u00fcr Turbine Teile. Neben der Herstellung von verschiedenen Arten von einer Produktpalette, ist die Zelle auch in der Lage, v\u00f6llig unterschiedliche Produkte durch schnelles Auswechseln der Stationen der Maschine. Wir haben solche Systeme speciffically f\u00fcr geringes Volumen und eine hohe Vielfalt Anwendungen mit Budget entwickelt einschr\u00e4nkt.<\/p>\n<p>&nbsp;<\/p>\n<p><img loading=\"lazy\" decoding=\"async\" class=\"aligncenter size-full wp-image-1252\" title=\"Design_Concept\" alt=\"\" src=\"https:\/\/nct-us.com\/wp-content\/uploads\/2012\/08\/P_Frame_Concept.jpg\" width=\"270\" height=\"300\" srcset=\"https:\/\/nct-us.com\/wp-content\/uploads\/2012\/08\/P_Frame_Concept.jpg 820w, https:\/\/nct-us.com\/wp-content\/uploads\/2012\/08\/P_Frame_Concept-270x300.jpg 270w\" sizes=\"auto, (max-width: 270px) 100vw, 270px\" \/><\/p>\n","protected":false},"excerpt":{"rendered":"<p>&nbsp; &nbsp; NCT hat Ingenieure mit jahrzehntelanger Erfahrung Konstruktion und Fertigung. Neben der Gestaltung unserer eigenen Maschinen, die wir auch wieder Design und Upgrade-Maschinen, um die Leistung zu verbessern oder neue Funktionen hinzuzuf\u00fcgen. Das Video oben zeigt eine individuelle L\u00f6sung f\u00fcr eine Qualit\u00e4tskontrolle. Eingebettet in unsere Entw\u00fcrfe sind Qualit\u00e4t, Benutzerfreundlichkeit, Effizienz und Einfachheit. Wir ber\u00fccksichtigen [&hellip;]<\/p>\n","protected":false},"author":3,"featured_media":1241,"parent":0,"menu_order":0,"comment_status":"open","ping_status":"open","template":"","meta":{"ngg_post_thumbnail":0,"footnotes":""},"class_list":["post-2056","page","type-page","status-publish","has-post-thumbnail","hentry","entry"],"_links":{"self":[{"href":"https:\/\/nct-us.com\/de\/wp-json\/wp\/v2\/pages\/2056","targetHints":{"allow":["GET"]}}],"collection":[{"href":"https:\/\/nct-us.com\/de\/wp-json\/wp\/v2\/pages"}],"about":[{"href":"https:\/\/nct-us.com\/de\/wp-json\/wp\/v2\/types\/page"}],"author":[{"embeddable":true,"href":"https:\/\/nct-us.com\/de\/wp-json\/wp\/v2\/users\/3"}],"replies":[{"embeddable":true,"href":"https:\/\/nct-us.com\/de\/wp-json\/wp\/v2\/comments?post=2056"}],"version-history":[{"count":3,"href":"https:\/\/nct-us.com\/de\/wp-json\/wp\/v2\/pages\/2056\/revisions"}],"predecessor-version":[{"id":2059,"href":"https:\/\/nct-us.com\/de\/wp-json\/wp\/v2\/pages\/2056\/revisions\/2059"}],"wp:featuredmedia":[{"embeddable":true,"href":"https:\/\/nct-us.com\/de\/wp-json\/wp\/v2\/media\/1241"}],"wp:attachment":[{"href":"https:\/\/nct-us.com\/de\/wp-json\/wp\/v2\/media?parent=2056"}],"curies":[{"name":"wp","href":"https:\/\/api.w.org\/{rel}","templated":true}]}}