{"id":2054,"date":"2012-09-12T08:44:31","date_gmt":"2012-09-12T13:44:31","guid":{"rendered":"http:\/\/b0fcf05097.nxcli.io\/project-management-2\/"},"modified":"2013-06-10T12:53:18","modified_gmt":"2013-06-10T17:53:18","slug":"project-management","status":"publish","type":"page","link":"https:\/\/nct-us.com\/de\/project-management\/","title":{"rendered":"Project Management"},"content":{"rendered":"<p>&nbsp;<\/p>\n<p>NCT wird im Projektmanagement erfahren.<br \/>\nWir verstehen, all die verschiedenen Aspekte, um Ihr Projekt von AZ zu Ihrer vollsten Zufriedenheit coplete.<br \/>\nF\u00fcr unsere Kunden schaffen wir Projekte, die umfassen, sind aber nicht beschr\u00e4nkt auf:<\/p>\n<p>&#8211; Forschung und Entwicklung<br \/>\n&#8211; Entwurf<br \/>\n&#8211; Bauen<br \/>\n&#8211; Pr\u00fcfung<br \/>\n&#8211; Verpackung<br \/>\n&#8211; Transport und Versand<br \/>\n&#8211; Zollabfertigung<br \/>\n&#8211; Rigging und Einrichten<br \/>\n&#8211; Schweres Ger\u00e4t<br \/>\n&#8211; Medienversorgung<br \/>\n&#8211; Schutz und Sicherheit<br \/>\n&#8211; Umweltschutz<br \/>\n&#8211; Sub Lieferanten und Auftragnehmern<br \/>\n&#8211; Zeitliche Beschr\u00e4nkungen<\/p>\n<p>Wir sind in st\u00e4ndiger Kommunikation mit allen Beteiligten und bieten dem Kunden eine genaue und up to date Projektstatus.<br \/>\nWir haben mit vielen Spezialisten im Laufe der Jahre gearbeitet und hatte gro\u00dfen Erfolg in Ressourcenmanagement.<\/p>\n<p>&nbsp;<\/p>\n","protected":false},"excerpt":{"rendered":"<p>&nbsp; NCT wird im Projektmanagement erfahren. Wir verstehen, all die verschiedenen Aspekte, um Ihr Projekt von AZ zu Ihrer vollsten Zufriedenheit coplete. F\u00fcr unsere Kunden schaffen wir Projekte, die umfassen, sind aber nicht beschr\u00e4nkt auf: &#8211; Forschung und Entwicklung &#8211; Entwurf &#8211; Bauen &#8211; Pr\u00fcfung &#8211; Verpackung &#8211; Transport und Versand &#8211; Zollabfertigung &#8211; Rigging [&hellip;]<\/p>\n","protected":false},"author":3,"featured_media":0,"parent":0,"menu_order":0,"comment_status":"open","ping_status":"open","template":"","meta":{"ngg_post_thumbnail":0,"footnotes":""},"class_list":["post-2054","page","type-page","status-publish","hentry","entry"],"_links":{"self":[{"href":"https:\/\/nct-us.com\/de\/wp-json\/wp\/v2\/pages\/2054","targetHints":{"allow":["GET"]}}],"collection":[{"href":"https:\/\/nct-us.com\/de\/wp-json\/wp\/v2\/pages"}],"about":[{"href":"https:\/\/nct-us.com\/de\/wp-json\/wp\/v2\/types\/page"}],"author":[{"embeddable":true,"href":"https:\/\/nct-us.com\/de\/wp-json\/wp\/v2\/users\/3"}],"replies":[{"embeddable":true,"href":"https:\/\/nct-us.com\/de\/wp-json\/wp\/v2\/comments?post=2054"}],"version-history":[{"count":1,"href":"https:\/\/nct-us.com\/de\/wp-json\/wp\/v2\/pages\/2054\/revisions"}],"predecessor-version":[{"id":2055,"href":"https:\/\/nct-us.com\/de\/wp-json\/wp\/v2\/pages\/2054\/revisions\/2055"}],"wp:attachment":[{"href":"https:\/\/nct-us.com\/de\/wp-json\/wp\/v2\/media?parent=2054"}],"curies":[{"name":"wp","href":"https:\/\/api.w.org\/{rel}","templated":true}]}}