{"id":2026,"date":"2013-04-23T14:27:40","date_gmt":"2013-04-23T19:27:40","guid":{"rendered":"http:\/\/b0fcf05097.nxcli.io\/?page_id=2026"},"modified":"2013-04-23T14:27:40","modified_gmt":"2013-04-23T19:27:40","slug":"magnaflux-maschine","status":"publish","type":"page","link":"https:\/\/nct-us.com\/de\/magnaflux-maschine\/","title":{"rendered":"Magnaflux Maschine"},"content":{"rendered":"<p><img loading=\"lazy\" decoding=\"async\" class=\"aligncenter size-medium wp-image-1650\" title=\"Magnaflux\" alt=\"\" src=\"https:\/\/nct-us.com\/wp-content\/uploads\/2012\/09\/IMG_8153-300x200.jpg\" width=\"300\" height=\"200\" srcset=\"https:\/\/nct-us.com\/wp-content\/uploads\/2012\/09\/IMG_8153-300x200.jpg 300w, https:\/\/nct-us.com\/wp-content\/uploads\/2012\/09\/IMG_8153-1024x682.jpg 1024w\" sizes=\"auto, (max-width: 300px) 100vw, 300px\" \/><\/p>\n<p>Ein Magnaflux Maschine wird verwendet, um Risse in einer ferrus Werkst\u00fcck erfassen. Diese Maschine war ein Grund auf mechanische und elektrische Wiederherstellung f\u00fcr eine gro\u00dfe Gie\u00dferei Betrieb.<\/p>\n<p>&nbsp;<\/p>\n","protected":false},"excerpt":{"rendered":"<p>Ein Magnaflux Maschine wird verwendet, um Risse in einer ferrus Werkst\u00fcck erfassen. Diese Maschine war ein Grund auf mechanische und elektrische Wiederherstellung f\u00fcr eine gro\u00dfe Gie\u00dferei Betrieb. &nbsp;<\/p>\n","protected":false},"author":3,"featured_media":0,"parent":0,"menu_order":0,"comment_status":"open","ping_status":"open","template":"","meta":{"ngg_post_thumbnail":0,"footnotes":""},"class_list":["post-2026","page","type-page","status-publish","hentry","entry"],"_links":{"self":[{"href":"https:\/\/nct-us.com\/de\/wp-json\/wp\/v2\/pages\/2026","targetHints":{"allow":["GET"]}}],"collection":[{"href":"https:\/\/nct-us.com\/de\/wp-json\/wp\/v2\/pages"}],"about":[{"href":"https:\/\/nct-us.com\/de\/wp-json\/wp\/v2\/types\/page"}],"author":[{"embeddable":true,"href":"https:\/\/nct-us.com\/de\/wp-json\/wp\/v2\/users\/3"}],"replies":[{"embeddable":true,"href":"https:\/\/nct-us.com\/de\/wp-json\/wp\/v2\/comments?post=2026"}],"version-history":[{"count":0,"href":"https:\/\/nct-us.com\/de\/wp-json\/wp\/v2\/pages\/2026\/revisions"}],"wp:attachment":[{"href":"https:\/\/nct-us.com\/de\/wp-json\/wp\/v2\/media?parent=2026"}],"curies":[{"name":"wp","href":"https:\/\/api.w.org\/{rel}","templated":true}]}}