{"id":2024,"date":"2013-04-23T14:24:14","date_gmt":"2013-04-23T19:24:14","guid":{"rendered":"http:\/\/b0fcf05097.nxcli.io\/?page_id=2024"},"modified":"2013-04-23T14:25:55","modified_gmt":"2013-04-23T19:25:55","slug":"2024-2","status":"publish","type":"page","link":"https:\/\/nct-us.com\/de\/2024-2\/","title":{"rendered":"Kettenrad Marker"},"content":{"rendered":"<p><img loading=\"lazy\" decoding=\"async\" class=\"aligncenter size-medium wp-image-1235\" title=\"Sprocket_1\" alt=\"\" src=\"https:\/\/nct-us.com\/wp-content\/uploads\/2012\/04\/DSCN3638-300x225.jpg\" width=\"300\" height=\"225\" srcset=\"https:\/\/nct-us.com\/wp-content\/uploads\/2012\/04\/DSCN3638-300x225.jpg 300w, https:\/\/nct-us.com\/wp-content\/uploads\/2012\/04\/DSCN3638-1024x768.jpg 1024w, https:\/\/nct-us.com\/wp-content\/uploads\/2012\/04\/DSCN3638.jpg 2048w\" sizes=\"auto, (max-width: 300px) 100vw, 300px\" \/><\/p>\n<p>Das Kettenrad Marker wurde entwickelt, um einen Barcode auf Motorkomponenten setzen.<br \/>\nAu\u00dfer f\u00fcr die manuelle Be-und Entladen der Teile der Prozess ist vollst\u00e4ndig automatisiert und besteht aus:<br \/>\n&#8211;   Teil Pick-Sequenz<br \/>\n&#8211;   Teil Orientierung<br \/>\n&#8211;   Barcode-Anwendung<br \/>\n&#8211;   Vision Check<br \/>\n&#8211;   Sequenz entladen.<\/p>\n<p><a href=\"http:\/\/test1marketech.com\/sprocket-feeder\/dscn3641\" rel=\"attachment wp-att-1237\"><img loading=\"lazy\" decoding=\"async\" class=\"aligncenter size-medium wp-image-1237\" title=\"Sprocket_2\" alt=\"\" src=\"https:\/\/nct-us.com\/wp-content\/uploads\/2012\/04\/DSCN3641-300x225.jpg\" width=\"300\" height=\"225\" srcset=\"https:\/\/nct-us.com\/wp-content\/uploads\/2012\/04\/DSCN3641-300x225.jpg 300w, https:\/\/nct-us.com\/wp-content\/uploads\/2012\/04\/DSCN3641-1024x768.jpg 1024w, https:\/\/nct-us.com\/wp-content\/uploads\/2012\/04\/DSCN3641.jpg 2048w\" sizes=\"auto, (max-width: 300px) 100vw, 300px\" \/><\/a><\/p>\n<p><a href=\"http:\/\/test1marketech.com\/sprocket-feeder\/dscn3640\" rel=\"attachment wp-att-1236\"><img loading=\"lazy\" decoding=\"async\" class=\"aligncenter size-medium wp-image-1236\" title=\"Sprocket_3\" alt=\"\" src=\"https:\/\/nct-us.com\/wp-content\/uploads\/2012\/04\/DSCN3640-300x225.jpg\" width=\"300\" height=\"225\" srcset=\"https:\/\/nct-us.com\/wp-content\/uploads\/2012\/04\/DSCN3640-300x225.jpg 300w, https:\/\/nct-us.com\/wp-content\/uploads\/2012\/04\/DSCN3640-1024x768.jpg 1024w, https:\/\/nct-us.com\/wp-content\/uploads\/2012\/04\/DSCN3640.jpg 2048w\" sizes=\"auto, (max-width: 300px) 100vw, 300px\" \/><\/a><\/p>\n<p><a href=\"http:\/\/test1marketech.com\/sprocket-feeder\/dscn3636\" rel=\"attachment wp-att-1234\"><img loading=\"lazy\" decoding=\"async\" class=\"aligncenter size-medium wp-image-1234\" title=\"Sprocket_4\" alt=\"\" src=\"https:\/\/nct-us.com\/wp-content\/uploads\/2012\/04\/DSCN3636-300x225.jpg\" width=\"300\" height=\"225\" srcset=\"https:\/\/nct-us.com\/wp-content\/uploads\/2012\/04\/DSCN3636-300x225.jpg 300w, https:\/\/nct-us.com\/wp-content\/uploads\/2012\/04\/DSCN3636-1024x768.jpg 1024w, https:\/\/nct-us.com\/wp-content\/uploads\/2012\/04\/DSCN3636.jpg 2048w\" sizes=\"auto, (max-width: 300px) 100vw, 300px\" \/><\/a><\/p>\n<p>&nbsp;<\/p>\n","protected":false},"excerpt":{"rendered":"<p>Das Kettenrad Marker wurde entwickelt, um einen Barcode auf Motorkomponenten setzen. Au\u00dfer f\u00fcr die manuelle Be-und Entladen der Teile der Prozess ist vollst\u00e4ndig automatisiert und besteht aus: &#8211; Teil Pick-Sequenz &#8211; Teil Orientierung &#8211; Barcode-Anwendung &#8211; Vision Check &#8211; Sequenz entladen. &nbsp;<\/p>\n","protected":false},"author":3,"featured_media":0,"parent":0,"menu_order":0,"comment_status":"open","ping_status":"open","template":"","meta":{"ngg_post_thumbnail":0,"footnotes":""},"class_list":["post-2024","page","type-page","status-publish","hentry","entry"],"_links":{"self":[{"href":"https:\/\/nct-us.com\/de\/wp-json\/wp\/v2\/pages\/2024","targetHints":{"allow":["GET"]}}],"collection":[{"href":"https:\/\/nct-us.com\/de\/wp-json\/wp\/v2\/pages"}],"about":[{"href":"https:\/\/nct-us.com\/de\/wp-json\/wp\/v2\/types\/page"}],"author":[{"embeddable":true,"href":"https:\/\/nct-us.com\/de\/wp-json\/wp\/v2\/users\/3"}],"replies":[{"embeddable":true,"href":"https:\/\/nct-us.com\/de\/wp-json\/wp\/v2\/comments?post=2024"}],"version-history":[{"count":1,"href":"https:\/\/nct-us.com\/de\/wp-json\/wp\/v2\/pages\/2024\/revisions"}],"predecessor-version":[{"id":2025,"href":"https:\/\/nct-us.com\/de\/wp-json\/wp\/v2\/pages\/2024\/revisions\/2025"}],"wp:attachment":[{"href":"https:\/\/nct-us.com\/de\/wp-json\/wp\/v2\/media?parent=2024"}],"curies":[{"name":"wp","href":"https:\/\/api.w.org\/{rel}","templated":true}]}}