{"id":2022,"date":"2013-04-23T14:21:37","date_gmt":"2013-04-23T19:21:37","guid":{"rendered":"http:\/\/b0fcf05097.nxcli.io\/?page_id=2022"},"modified":"2013-04-23T14:21:37","modified_gmt":"2013-04-23T19:21:37","slug":"turbine-fin-welder","status":"publish","type":"page","link":"https:\/\/nct-us.com\/de\/turbine-fin-welder\/","title":{"rendered":"Turbine Fin Welder"},"content":{"rendered":"<p><!DOCTYPE html><br \/>\n<html><\/p>\n<p>\t<a href=\"http:\/\/test1marketech.com\/danville-metal-pad-welder\/pad-welder\" rel=\"attachment wp-att-934\"><img loading=\"lazy\" decoding=\"async\" src=\"https:\/\/nct-us.com\/wp-content\/uploads\/2012\/04\/Pad-Welder-300x168.jpg\" alt=\"\" title=\"Pad Welder\" width=\"300\" height=\"168\" class=\"aligncenter size-medium wp-image-934\" srcset=\"https:\/\/nct-us.com\/wp-content\/uploads\/2012\/04\/Pad-Welder-300x168.jpg 300w, https:\/\/nct-us.com\/wp-content\/uploads\/2012\/04\/Pad-Welder-1024x575.jpg 1024w, https:\/\/nct-us.com\/wp-content\/uploads\/2012\/04\/Pad-Welder.jpg 1430w\" sizes=\"auto, (max-width: 300px) 100vw, 300px\" \/><\/a><\/p>\n<p><\/p>\n<p>\t<body><\/p>\n<p>Tseiner Maschine war ein Grund auf neu f\u00fcr einen Kunden im Jahr 2011 zu bauen. Es schwei\u00dft gestanzte Metall-Pads auf die Turbine Flossen. Pad zu Pad betr\u00e4gt 3 Sekunden, Teil zu Teil ist zwischen 70 Sekunden und zwei Minuten, je nach Art und Menge Teil des Pads.<\/p>\n<p>\t<\/body><br \/>\n<\/html><\/p>\n","protected":false},"excerpt":{"rendered":"<p>Tseiner Maschine war ein Grund auf neu f\u00fcr einen Kunden im Jahr 2011 zu bauen. Es schwei\u00dft gestanzte Metall-Pads auf die Turbine Flossen. Pad zu Pad betr\u00e4gt 3 Sekunden, Teil zu Teil ist zwischen 70 Sekunden und zwei Minuten, je nach Art und Menge Teil des Pads.<\/p>\n","protected":false},"author":3,"featured_media":0,"parent":0,"menu_order":0,"comment_status":"open","ping_status":"open","template":"","meta":{"ngg_post_thumbnail":0,"footnotes":""},"class_list":["post-2022","page","type-page","status-publish","hentry","entry"],"_links":{"self":[{"href":"https:\/\/nct-us.com\/de\/wp-json\/wp\/v2\/pages\/2022","targetHints":{"allow":["GET"]}}],"collection":[{"href":"https:\/\/nct-us.com\/de\/wp-json\/wp\/v2\/pages"}],"about":[{"href":"https:\/\/nct-us.com\/de\/wp-json\/wp\/v2\/types\/page"}],"author":[{"embeddable":true,"href":"https:\/\/nct-us.com\/de\/wp-json\/wp\/v2\/users\/3"}],"replies":[{"embeddable":true,"href":"https:\/\/nct-us.com\/de\/wp-json\/wp\/v2\/comments?post=2022"}],"version-history":[{"count":1,"href":"https:\/\/nct-us.com\/de\/wp-json\/wp\/v2\/pages\/2022\/revisions"}],"predecessor-version":[{"id":2023,"href":"https:\/\/nct-us.com\/de\/wp-json\/wp\/v2\/pages\/2022\/revisions\/2023"}],"wp:attachment":[{"href":"https:\/\/nct-us.com\/de\/wp-json\/wp\/v2\/media?parent=2022"}],"curies":[{"name":"wp","href":"https:\/\/api.w.org\/{rel}","templated":true}]}}