{"id":2015,"date":"2013-04-23T14:08:01","date_gmt":"2013-04-23T19:08:01","guid":{"rendered":"http:\/\/b0fcf05097.nxcli.io\/?page_id=2015"},"modified":"2013-04-23T14:08:01","modified_gmt":"2013-04-23T19:08:01","slug":"farbmarkierung-linie","status":"publish","type":"page","link":"https:\/\/nct-us.com\/de\/farbmarkierung-linie\/","title":{"rendered":"Farbmarkierung Linie"},"content":{"rendered":"<p><img loading=\"lazy\" decoding=\"async\" class=\"aligncenter size-medium wp-image-1221\" title=\"Paint Marking_1\" alt=\"\" src=\"https:\/\/nct-us.com\/wp-content\/uploads\/2012\/08\/DSCN3635-300x225.jpg\" width=\"300\" height=\"225\" srcset=\"https:\/\/nct-us.com\/wp-content\/uploads\/2012\/08\/DSCN3635-300x225.jpg 300w, https:\/\/nct-us.com\/wp-content\/uploads\/2012\/08\/DSCN3635-1024x768.jpg 1024w, https:\/\/nct-us.com\/wp-content\/uploads\/2012\/08\/DSCN3635.jpg 2048w\" sizes=\"auto, (max-width: 300px) 100vw, 300px\" \/><\/p>\n<p>Der Zweck der Maschine ist ein Farbstreifen auf ein Produkt in der folgenden Verarbeitung Reihenfolge gebracht:<br \/>\n&#8211; Last Produkt auf Paletten von Hand<br \/>\n&#8211; Palettentransporte Produkt in die Zelle<br \/>\n&#8211; Reinigung der Fl\u00e4che gemalt werden<br \/>\n&#8211; Auf Farbrolle<br \/>\n&#8211; H\u00e4rten mit UV-Licht<br \/>\n&#8211; Vergleich Lackfarbe zu Seriennummer des Produkts \u00fcber Kamera-System<br \/>\n&#8211; Spray Rostschutzmittel ting auf Produkt.<br \/>\n&#8211; Abladen von Paletten Produkt<br \/>\nZykluszeit betr\u00e4gt 10 Sekunden.<\/p>\n<p><a href=\"http:\/\/test1marketech.com\/thyssenkrupp-paint-marking\/dscn3626\" rel=\"attachment wp-att-1231\"><img loading=\"lazy\" decoding=\"async\" class=\"aligncenter size-medium wp-image-1231\" title=\"Paint Marking_2\" alt=\"\" src=\"https:\/\/nct-us.com\/wp-content\/uploads\/2012\/08\/DSCN3626-300x225.jpg\" width=\"300\" height=\"225\" srcset=\"https:\/\/nct-us.com\/wp-content\/uploads\/2012\/08\/DSCN3626-300x225.jpg 300w, https:\/\/nct-us.com\/wp-content\/uploads\/2012\/08\/DSCN3626-1024x768.jpg 1024w, https:\/\/nct-us.com\/wp-content\/uploads\/2012\/08\/DSCN3626.jpg 2048w\" sizes=\"auto, (max-width: 300px) 100vw, 300px\" \/><\/a><a href=\"http:\/\/test1marketech.com\/thyssenkrupp-paint-marking\/dscn3628\" rel=\"attachment wp-att-1227\"><img loading=\"lazy\" decoding=\"async\" class=\"aligncenter size-medium wp-image-1227\" title=\"Paint Marking_3\" alt=\"\" src=\"https:\/\/nct-us.com\/wp-content\/uploads\/2012\/08\/DSCN3628-300x225.jpg\" width=\"300\" height=\"225\" srcset=\"https:\/\/nct-us.com\/wp-content\/uploads\/2012\/08\/DSCN3628-300x225.jpg 300w, https:\/\/nct-us.com\/wp-content\/uploads\/2012\/08\/DSCN3628-1024x768.jpg 1024w, https:\/\/nct-us.com\/wp-content\/uploads\/2012\/08\/DSCN3628.jpg 2048w\" sizes=\"auto, (max-width: 300px) 100vw, 300px\" \/><\/a><a href=\"http:\/\/test1marketech.com\/thyssenkrupp-paint-marking\/dscn3633\" rel=\"attachment wp-att-1228\"><img loading=\"lazy\" decoding=\"async\" class=\"aligncenter size-medium wp-image-1228\" title=\"Paint Marking_4\" alt=\"\" src=\"https:\/\/nct-us.com\/wp-content\/uploads\/2012\/08\/DSCN3633-300x225.jpg\" width=\"300\" height=\"225\" srcset=\"https:\/\/nct-us.com\/wp-content\/uploads\/2012\/08\/DSCN3633-300x225.jpg 300w, https:\/\/nct-us.com\/wp-content\/uploads\/2012\/08\/DSCN3633-1024x768.jpg 1024w, https:\/\/nct-us.com\/wp-content\/uploads\/2012\/08\/DSCN3633.jpg 2048w\" sizes=\"auto, (max-width: 300px) 100vw, 300px\" \/><\/a><\/p>\n<p>&nbsp;<\/p>\n","protected":false},"excerpt":{"rendered":"<p>Der Zweck der Maschine ist ein Farbstreifen auf ein Produkt in der folgenden Verarbeitung Reihenfolge gebracht: &#8211; Last Produkt auf Paletten von Hand &#8211; Palettentransporte Produkt in die Zelle &#8211; Reinigung der Fl\u00e4che gemalt werden &#8211; Auf Farbrolle &#8211; H\u00e4rten mit UV-Licht &#8211; Vergleich Lackfarbe zu Seriennummer des Produkts \u00fcber Kamera-System &#8211; Spray Rostschutzmittel ting [&hellip;]<\/p>\n","protected":false},"author":3,"featured_media":0,"parent":0,"menu_order":0,"comment_status":"open","ping_status":"open","template":"","meta":{"ngg_post_thumbnail":0,"footnotes":""},"class_list":["post-2015","page","type-page","status-publish","hentry","entry"],"_links":{"self":[{"href":"https:\/\/nct-us.com\/de\/wp-json\/wp\/v2\/pages\/2015","targetHints":{"allow":["GET"]}}],"collection":[{"href":"https:\/\/nct-us.com\/de\/wp-json\/wp\/v2\/pages"}],"about":[{"href":"https:\/\/nct-us.com\/de\/wp-json\/wp\/v2\/types\/page"}],"author":[{"embeddable":true,"href":"https:\/\/nct-us.com\/de\/wp-json\/wp\/v2\/users\/3"}],"replies":[{"embeddable":true,"href":"https:\/\/nct-us.com\/de\/wp-json\/wp\/v2\/comments?post=2015"}],"version-history":[{"count":0,"href":"https:\/\/nct-us.com\/de\/wp-json\/wp\/v2\/pages\/2015\/revisions"}],"wp:attachment":[{"href":"https:\/\/nct-us.com\/de\/wp-json\/wp\/v2\/media?parent=2015"}],"curies":[{"name":"wp","href":"https:\/\/api.w.org\/{rel}","templated":true}]}}