{"id":2012,"date":"2013-04-23T14:03:47","date_gmt":"2013-04-23T19:03:47","guid":{"rendered":"http:\/\/b0fcf05097.nxcli.io\/?page_id=2012"},"modified":"2013-04-23T14:04:25","modified_gmt":"2013-04-23T19:04:25","slug":"drehmaschine-linien","status":"publish","type":"page","link":"https:\/\/nct-us.com\/de\/drehmaschine-linien\/","title":{"rendered":"Drehmaschine Linien"},"content":{"rendered":"<p><img loading=\"lazy\" decoding=\"async\" class=\"aligncenter size-medium wp-image-1652\" title=\"Lathe Line\" alt=\"\" src=\"https:\/\/nct-us.com\/wp-content\/uploads\/2012\/09\/DSC03357-300x168.jpg\" width=\"300\" height=\"168\" srcset=\"https:\/\/nct-us.com\/wp-content\/uploads\/2012\/09\/DSC03357-300x168.jpg 300w, https:\/\/nct-us.com\/wp-content\/uploads\/2012\/09\/DSC03357-1024x576.jpg 1024w, https:\/\/nct-us.com\/wp-content\/uploads\/2012\/09\/DSC03357.jpg 1920w\" sizes=\"auto, (max-width: 300px) 100vw, 300px\" \/><\/p>\n<p>Die Linien, die Drehbank NCT up und hat installiert sind einzelne Zelllinien, die Qualit\u00e4t zu \u00fcberpr\u00fcfen, nachdem jede Welle im Inneren einer Drehbank bearbeitet. Alle seitens Bedienung erfolgt \u00fcber ein ABB-Roboter IRB 2400 getan. Der Rest der Zeile enth\u00e4lt einen Be\u00f6lungsstation f\u00fcr Rostschutz, ein Laser-che f\u00fcr die Qualit\u00e4tskontrolle und einer Kamera, die auf Grate oder loses Material \u00fcberpr\u00fcft.<\/p>\n","protected":false},"excerpt":{"rendered":"<p>Die Linien, die Drehbank NCT up und hat installiert sind einzelne Zelllinien, die Qualit\u00e4t zu \u00fcberpr\u00fcfen, nachdem jede Welle im Inneren einer Drehbank bearbeitet. Alle seitens Bedienung erfolgt \u00fcber ein ABB-Roboter IRB 2400 getan. Der Rest der Zeile enth\u00e4lt einen Be\u00f6lungsstation f\u00fcr Rostschutz, ein Laser-che f\u00fcr die Qualit\u00e4tskontrolle und einer Kamera, die auf Grate oder [&hellip;]<\/p>\n","protected":false},"author":3,"featured_media":0,"parent":0,"menu_order":0,"comment_status":"open","ping_status":"open","template":"","meta":{"ngg_post_thumbnail":0,"footnotes":""},"class_list":["post-2012","page","type-page","status-publish","hentry","entry"],"_links":{"self":[{"href":"https:\/\/nct-us.com\/de\/wp-json\/wp\/v2\/pages\/2012","targetHints":{"allow":["GET"]}}],"collection":[{"href":"https:\/\/nct-us.com\/de\/wp-json\/wp\/v2\/pages"}],"about":[{"href":"https:\/\/nct-us.com\/de\/wp-json\/wp\/v2\/types\/page"}],"author":[{"embeddable":true,"href":"https:\/\/nct-us.com\/de\/wp-json\/wp\/v2\/users\/3"}],"replies":[{"embeddable":true,"href":"https:\/\/nct-us.com\/de\/wp-json\/wp\/v2\/comments?post=2012"}],"version-history":[{"count":2,"href":"https:\/\/nct-us.com\/de\/wp-json\/wp\/v2\/pages\/2012\/revisions"}],"predecessor-version":[{"id":2014,"href":"https:\/\/nct-us.com\/de\/wp-json\/wp\/v2\/pages\/2012\/revisions\/2014"}],"wp:attachment":[{"href":"https:\/\/nct-us.com\/de\/wp-json\/wp\/v2\/media?parent=2012"}],"curies":[{"name":"wp","href":"https:\/\/api.w.org\/{rel}","templated":true}]}}