{"id":2011,"date":"2013-04-23T14:00:09","date_gmt":"2013-04-23T19:00:09","guid":{"rendered":"http:\/\/b0fcf05097.nxcli.io\/?page_id=2011"},"modified":"2013-04-23T14:00:09","modified_gmt":"2013-04-23T19:00:09","slug":"rohrbearbeitung-linien","status":"publish","type":"page","link":"https:\/\/nct-us.com\/de\/rohrbearbeitung-linien\/","title":{"rendered":"Rohrbearbeitung Linien"},"content":{"rendered":"<p>Einrichten und weglaufen von zwei Rohrbearbeitung Linien. Diese Linien erforderte eine ABB-Roboter f\u00fcr Teil Handhabung, zwei Roll Umformmaschinen, eine Richtmaschine, ein Ende Bearbeitungszentrum (im Bild) und ein Rohr B\u00fcndelstation als Hauptkomponenten. Diese Zeilen 10-30 zweiten Zykluszeiten in Abh\u00e4ngigkeit von der L\u00e4nge des Rohres und die Komplexit\u00e4t der Bearbeitung \/ Umformen Prozess ausgef\u00fchrt.<\/p>\n<p>Die Umsetzung der zahlreichen Updates um Produkt-Features hinzuzuf\u00fcgen waren auch die Aufgabe des NCT. Einige Funktionen in Zusammenarbeit mit dem OEM zugegeben, einige waren in der alleinigen Verantwortung des NCT.<\/p>\n","protected":false},"excerpt":{"rendered":"<p>Einrichten und weglaufen von zwei Rohrbearbeitung Linien. Diese Linien erforderte eine ABB-Roboter f\u00fcr Teil Handhabung, zwei Roll Umformmaschinen, eine Richtmaschine, ein Ende Bearbeitungszentrum (im Bild) und ein Rohr B\u00fcndelstation als Hauptkomponenten. Diese Zeilen 10-30 zweiten Zykluszeiten in Abh\u00e4ngigkeit von der L\u00e4nge des Rohres und die Komplexit\u00e4t der Bearbeitung \/ Umformen Prozess ausgef\u00fchrt. Die Umsetzung der [&hellip;]<\/p>\n","protected":false},"author":3,"featured_media":0,"parent":0,"menu_order":0,"comment_status":"open","ping_status":"open","template":"","meta":{"ngg_post_thumbnail":0,"footnotes":""},"class_list":["post-2011","page","type-page","status-publish","hentry","entry"],"_links":{"self":[{"href":"https:\/\/nct-us.com\/de\/wp-json\/wp\/v2\/pages\/2011","targetHints":{"allow":["GET"]}}],"collection":[{"href":"https:\/\/nct-us.com\/de\/wp-json\/wp\/v2\/pages"}],"about":[{"href":"https:\/\/nct-us.com\/de\/wp-json\/wp\/v2\/types\/page"}],"author":[{"embeddable":true,"href":"https:\/\/nct-us.com\/de\/wp-json\/wp\/v2\/users\/3"}],"replies":[{"embeddable":true,"href":"https:\/\/nct-us.com\/de\/wp-json\/wp\/v2\/comments?post=2011"}],"version-history":[{"count":0,"href":"https:\/\/nct-us.com\/de\/wp-json\/wp\/v2\/pages\/2011\/revisions"}],"wp:attachment":[{"href":"https:\/\/nct-us.com\/de\/wp-json\/wp\/v2\/media?parent=2011"}],"curies":[{"name":"wp","href":"https:\/\/api.w.org\/{rel}","templated":true}]}}