{"id":2010,"date":"2013-04-23T13:55:09","date_gmt":"2013-04-23T18:55:09","guid":{"rendered":"http:\/\/b0fcf05097.nxcli.io\/?page_id=2010"},"modified":"2013-04-23T13:55:09","modified_gmt":"2013-04-23T18:55:09","slug":"sicherheit-rigging","status":"publish","type":"page","link":"https:\/\/nct-us.com\/de\/sicherheit-rigging\/","title":{"rendered":"Sicherheit Rigging"},"content":{"rendered":"<p>Wir betrachten Sicherheit von gr\u00f6\u00dfter Bedeutung ist bei NCT sein. Auf die Frage, zu entwerfen und zu bauen eine Sicherheit Rigging-System von einem unserer Kunden haben wir die Aufgabe sehr ernst. Der Aufbau einer lebensrettenden Ger\u00e4t ist eine gewaltige Aufgabe.<\/p>\n<p>Die oben abgebildete Ger\u00e4t wurde zu befestigen und auf einem Schienensystem Klammer f\u00fcr unsere Kunden. Die Schiene ist etwa 20 Meter in die Luft, so, wenn eine Person zu fallen, sie w\u00fcrden schwere oder t\u00f6dliche Verletzungen erleiden waren. Unsere Anlage wurde gemacht, um zu verhindern, dass. Der Wartungstechniker w\u00e4re das Rigg um die unteren und oberen Schienen platzieren, einrasten und dann heften sich, \u00fcber einen Kabelbaum.<br \/>\nW\u00e4hrend sicher an der Schiene befestigt die Anlage noch mit Leichtigkeit in horizontaler Richtung, f\u00fcr die Freiheit der Bewegung, die der Arbeitnehmer bewegt werden k\u00f6nnen.<br \/>\nDas System ist so konzipiert, befestigen und in einer Minute l\u00f6sen und passt vier verschiedenen Bahnsysteme<\/p>\n<p>Die Menge an Energie, die die Anlage ausgelegt ist, zu widerstehen ist signifikant. Ein Prototyp wurde gebaut, die durch eine Reihe von echten Leben Falltests ging von 20 Fu\u00df, um die korrekte Funktion des Designs zu gew\u00e4hrleisten. Nach erfolgreichem Abschluss der Tests wurden zwei Systeme gebaut und an den Kunden ausgeliefert.<\/p>\n<p><a href=\"\" rel=\"attachment wp-att-1157\"><img loading=\"lazy\" decoding=\"async\" class=\"aligncenter size-full wp-image-1157\" title=\"Safety Rig\" alt=\"\" src=\"https:\/\/nct-us.com\/wp-content\/uploads\/2012\/04\/DSCN7785.jpg\" width=\"600\" height=\"800\" srcset=\"https:\/\/nct-us.com\/wp-content\/uploads\/2012\/04\/DSCN7785.jpg 1536w, https:\/\/nct-us.com\/wp-content\/uploads\/2012\/04\/DSCN7785-225x300.jpg 225w, https:\/\/nct-us.com\/wp-content\/uploads\/2012\/04\/DSCN7785-768x1024.jpg 768w\" sizes=\"auto, (max-width: 600px) 100vw, 600px\" \/><\/a><\/p>\n","protected":false},"excerpt":{"rendered":"<p>Wir betrachten Sicherheit von gr\u00f6\u00dfter Bedeutung ist bei NCT sein. Auf die Frage, zu entwerfen und zu bauen eine Sicherheit Rigging-System von einem unserer Kunden haben wir die Aufgabe sehr ernst. Der Aufbau einer lebensrettenden Ger\u00e4t ist eine gewaltige Aufgabe. Die oben abgebildete Ger\u00e4t wurde zu befestigen und auf einem Schienensystem Klammer f\u00fcr unsere Kunden. [&hellip;]<\/p>\n","protected":false},"author":3,"featured_media":0,"parent":0,"menu_order":0,"comment_status":"open","ping_status":"open","template":"","meta":{"ngg_post_thumbnail":0,"footnotes":""},"class_list":["post-2010","page","type-page","status-publish","hentry","entry"],"_links":{"self":[{"href":"https:\/\/nct-us.com\/de\/wp-json\/wp\/v2\/pages\/2010","targetHints":{"allow":["GET"]}}],"collection":[{"href":"https:\/\/nct-us.com\/de\/wp-json\/wp\/v2\/pages"}],"about":[{"href":"https:\/\/nct-us.com\/de\/wp-json\/wp\/v2\/types\/page"}],"author":[{"embeddable":true,"href":"https:\/\/nct-us.com\/de\/wp-json\/wp\/v2\/users\/3"}],"replies":[{"embeddable":true,"href":"https:\/\/nct-us.com\/de\/wp-json\/wp\/v2\/comments?post=2010"}],"version-history":[{"count":0,"href":"https:\/\/nct-us.com\/de\/wp-json\/wp\/v2\/pages\/2010\/revisions"}],"wp:attachment":[{"href":"https:\/\/nct-us.com\/de\/wp-json\/wp\/v2\/media?parent=2010"}],"curies":[{"name":"wp","href":"https:\/\/api.w.org\/{rel}","templated":true}]}}