{"id":2008,"date":"2013-04-23T13:53:33","date_gmt":"2013-04-23T18:53:33","guid":{"rendered":"http:\/\/b0fcf05097.nxcli.io\/?page_id=2008"},"modified":"2013-04-23T13:53:33","modified_gmt":"2013-04-23T18:53:33","slug":"kundschaft","status":"publish","type":"page","link":"https:\/\/nct-us.com\/de\/kundschaft\/","title":{"rendered":"Kundschaft"},"content":{"rendered":"<p>Unsere Kunden sind Marktf\u00fchrer in dem, was sie tun und liefern \u00fcberlegene Produkte auf den M\u00e4rkten dienen.<br \/>\nIhre Erwartungen in unserem Unternehmen sind hoch, und wir sind bereit, diese Erwartungen zu erf\u00fcllen.<br \/>\nJeder unserer Kunden hat uns gelehrt, etwas Neues. Das Beste daran, in so vielen Bereichen der Industrie ist, dass wir lernen st\u00e4ndig.<br \/>\nWir sind immer daran interessiert, Projekte, die uns herausfordern und f\u00fchren uns in neue Arbeitsfelder.<br \/>\nWie unsere Kunden sind wir bereit, uns auf L\u00f6sungen dr\u00e4ngen, dass andere vielleicht zu vorsichtig, um zu versuchen.<\/p>\n<p>Um mehr \u00fcber unsere Kunden zu erfahren, klicken Sie bitte auf ihr Unternehmen Logo und Sie werden auf die Website geleitet werden.<\/p>\n<div style=\"float: left;\">\n<p><a href=\"http:\/\/www.danvillemetal.com\/\"><img loading=\"lazy\" decoding=\"async\" class=\"aligncenter size-full wp-image-964\" title=\"DanvilleMetal\" alt=\"\" src=\"https:\/\/nct-us.com\/wp-content\/uploads\/2012\/08\/DanvilleMetal.jpg\" width=\"205\" height=\"89\" \/><\/a><\/p>\n<p>&nbsp;<\/p>\n<p><a href=\"http:\/\/www.stiwa.com\"><img loading=\"lazy\" decoding=\"async\" class=\"aligncenter size-full wp-image-951\" title=\"Stiwa\" alt=\"\" src=\"https:\/\/nct-us.com\/wp-content\/uploads\/2012\/08\/stiwa-group_logo.gif\" width=\"144\" height=\"58\" \/><\/a><\/p>\n<p>&nbsp;<\/p>\n<p><a href=\"http:\/\/www.strama-mps.de\/\"><img loading=\"lazy\" decoding=\"async\" class=\"alignnone size-medium wp-image-1695\" title=\"Strama-Logo_Color\" alt=\"\" src=\"https:\/\/nct-us.com\/wp-content\/uploads\/2012\/09\/Strama-Logo_Color-300x72.jpg\" width=\"300\" height=\"72\" srcset=\"https:\/\/nct-us.com\/wp-content\/uploads\/2012\/09\/Strama-Logo_Color-300x72.jpg 300w, https:\/\/nct-us.com\/wp-content\/uploads\/2012\/09\/Strama-Logo_Color-1024x248.jpg 1024w\" sizes=\"auto, (max-width: 300px) 100vw, 300px\" \/><\/a><\/p>\n<p>&nbsp;<\/p>\n<p><a href=\"http:\/\/www.thyssenkrupp-presta-camshafts.com\/language-gb\/unternehmen\/presta_division.html\"><img loading=\"lazy\" decoding=\"async\" class=\"aligncenter size-full wp-image-985\" title=\"ThyssenKrupp Presta\" alt=\"\" src=\"https:\/\/nct-us.com\/wp-content\/uploads\/2012\/08\/ThyssenKrupp-Presta.jpg\" width=\"198\" height=\"56\" \/><\/a><\/p>\n<p>&nbsp;<\/p>\n<p><a href=\"http:\/\/www.omsg.it\/en\"><img loading=\"lazy\" decoding=\"async\" class=\"aligncenter size-medium wp-image-1667\" title=\"logo_omsg\" alt=\"\" src=\"https:\/\/nct-us.com\/wp-content\/uploads\/2012\/09\/logo_omsg-300x149.jpg\" width=\"300\" height=\"149\" srcset=\"https:\/\/nct-us.com\/wp-content\/uploads\/2012\/09\/logo_omsg-300x149.jpg 300w, https:\/\/nct-us.com\/wp-content\/uploads\/2012\/09\/logo_omsg-1024x510.jpg 1024w, https:\/\/nct-us.com\/wp-content\/uploads\/2012\/09\/logo_omsg.jpg 1096w\" sizes=\"auto, (max-width: 300px) 100vw, 300px\" \/><\/a><\/p>\n<p>&nbsp;<\/p>\n<p><a href=\"http:\/\/www.piller-online.com\/front_content.php\"><img loading=\"lazy\" decoding=\"async\" class=\"alignnone size-medium wp-image-1693\" title=\"PIL_Logo+Claim frei\" alt=\"\" src=\"https:\/\/nct-us.com\/wp-content\/uploads\/2012\/09\/PIL_Logo+Claim-frei-300x81.png\" width=\"300\" height=\"81\" srcset=\"https:\/\/nct-us.com\/wp-content\/uploads\/2012\/09\/PIL_Logo+Claim-frei-300x81.png 300w, https:\/\/nct-us.com\/wp-content\/uploads\/2012\/09\/PIL_Logo+Claim-frei-1024x279.png 1024w, https:\/\/nct-us.com\/wp-content\/uploads\/2012\/09\/PIL_Logo+Claim-frei.png 1983w\" sizes=\"auto, (max-width: 300px) 100vw, 300px\" \/><\/a><\/p>\n<p>&nbsp;<\/p>\n<\/div>\n<div style=\"float: right;\">\n<p><a href=\"http:\/\/www.schuler-firmengruppe.de\/mitglieder\/shm.html\"><img loading=\"lazy\" decoding=\"async\" class=\"aligncenter size-full wp-image-1673\" title=\"schuler-firmengruppe\" alt=\"\" src=\"https:\/\/nct-us.com\/wp-content\/uploads\/2012\/09\/schuler-firmengruppe.gif\" width=\"258\" height=\"106\" \/><\/a>\u00a0<a href=\"http:\/\/www.mbb-fertigungstechnik.com\/ft\/en\/start.html\"><img loading=\"lazy\" decoding=\"async\" class=\"aligncenter size-full wp-image-962\" title=\"MBB\" alt=\"\" src=\"https:\/\/nct-us.com\/wp-content\/uploads\/2012\/08\/MBB.png\" width=\"200\" height=\"60\" \/><\/a><\/p>\n<p>&nbsp;<\/p>\n<p><a href=\"http:\/\/www.aichelin.at\/SITES\/EMA_Englisch\/index.php\"><img loading=\"lazy\" decoding=\"async\" class=\"aligncenter size-medium wp-image-1664\" title=\"EMA Logo\" alt=\"\" src=\"https:\/\/nct-us.com\/wp-content\/uploads\/2012\/09\/EMA-Logo-300x171.jpg\" width=\"300\" height=\"171\" srcset=\"https:\/\/nct-us.com\/wp-content\/uploads\/2012\/09\/EMA-Logo-300x171.jpg 300w, https:\/\/nct-us.com\/wp-content\/uploads\/2012\/09\/EMA-Logo.jpg 350w\" sizes=\"auto, (max-width: 300px) 100vw, 300px\" \/><\/a><\/p>\n<p>&nbsp;<\/p>\n<p><a href=\"http:\/\/www.motomotivo.com\/\"><img loading=\"lazy\" decoding=\"async\" class=\"aligncenter size-full wp-image-1668\" title=\"Moto-Motivo-Corse-crest\" alt=\"\" src=\"https:\/\/nct-us.com\/wp-content\/uploads\/2012\/09\/Moto-Motivo-Corse-crest_copy.jpg\" width=\"240\" height=\"244\" srcset=\"https:\/\/nct-us.com\/wp-content\/uploads\/2012\/09\/Moto-Motivo-Corse-crest_copy.jpg 240w, https:\/\/nct-us.com\/wp-content\/uploads\/2012\/09\/Moto-Motivo-Corse-crest_copy-65x65.jpg 65w\" sizes=\"auto, (max-width: 240px) 100vw, 240px\" \/><\/a><\/p>\n<p><a href=\"http:\/\/www.mag-ias.com\/en\/home.html\"><img loading=\"lazy\" decoding=\"async\" class=\"aligncenter size-full wp-image-966\" title=\"MAG IAS\" alt=\"\" src=\"https:\/\/nct-us.com\/wp-content\/uploads\/2012\/08\/MAG-IAS.jpg\" width=\"225\" height=\"225\" srcset=\"https:\/\/nct-us.com\/wp-content\/uploads\/2012\/08\/MAG-IAS.jpg 225w, https:\/\/nct-us.com\/wp-content\/uploads\/2012\/08\/MAG-IAS-150x150.jpg 150w, https:\/\/nct-us.com\/wp-content\/uploads\/2012\/08\/MAG-IAS-65x65.jpg 65w\" sizes=\"auto, (max-width: 225px) 100vw, 225px\" \/><\/a><\/p>\n<\/div>\n<div class=\"clearer\">\u00a0<\/div>\n","protected":false},"excerpt":{"rendered":"<p>Unsere Kunden sind Marktf\u00fchrer in dem, was sie tun und liefern \u00fcberlegene Produkte auf den M\u00e4rkten dienen. Ihre Erwartungen in unserem Unternehmen sind hoch, und wir sind bereit, diese Erwartungen zu erf\u00fcllen. Jeder unserer Kunden hat uns gelehrt, etwas Neues. Das Beste daran, in so vielen Bereichen der Industrie ist, dass wir lernen st\u00e4ndig. Wir [&hellip;]<\/p>\n","protected":false},"author":3,"featured_media":0,"parent":0,"menu_order":0,"comment_status":"open","ping_status":"open","template":"","meta":{"ngg_post_thumbnail":0,"footnotes":""},"class_list":["post-2008","page","type-page","status-publish","hentry","entry"],"_links":{"self":[{"href":"https:\/\/nct-us.com\/de\/wp-json\/wp\/v2\/pages\/2008","targetHints":{"allow":["GET"]}}],"collection":[{"href":"https:\/\/nct-us.com\/de\/wp-json\/wp\/v2\/pages"}],"about":[{"href":"https:\/\/nct-us.com\/de\/wp-json\/wp\/v2\/types\/page"}],"author":[{"embeddable":true,"href":"https:\/\/nct-us.com\/de\/wp-json\/wp\/v2\/users\/3"}],"replies":[{"embeddable":true,"href":"https:\/\/nct-us.com\/de\/wp-json\/wp\/v2\/comments?post=2008"}],"version-history":[{"count":0,"href":"https:\/\/nct-us.com\/de\/wp-json\/wp\/v2\/pages\/2008\/revisions"}],"wp:attachment":[{"href":"https:\/\/nct-us.com\/de\/wp-json\/wp\/v2\/media?parent=2008"}],"curies":[{"name":"wp","href":"https:\/\/api.w.org\/{rel}","templated":true}]}}