{"id":2007,"date":"2013-04-23T13:51:43","date_gmt":"2013-04-23T18:51:43","guid":{"rendered":"http:\/\/b0fcf05097.nxcli.io\/?page_id=2007"},"modified":"2013-04-23T13:51:43","modified_gmt":"2013-04-23T18:51:43","slug":"abgeschlossene-projekte","status":"publish","type":"page","link":"https:\/\/nct-us.com\/de\/abgeschlossene-projekte\/","title":{"rendered":"Abgeschlossene Projekte"},"content":{"rendered":"<p>In unsere 10-j\u00e4hrigen Geschichte haben wir nicht nur abgeschlossene Projekte f\u00fcr Unternehmen in den USA, sondern in der ganzen Welt. Egal wie klein oder gro\u00df das Projekt, gaben wir einander unsere ungeteilte Aufmerksamkeit professioneller. Einige der Maschinen und Projekte, die wir in beteiligt sind, werden verwendet, um das Flugzeug fliegen Sie auf zu bauen, die Motoren, die sie und die Autos fahren zu treiben.<\/p>\n<p>Bitte nehmen Sie sich die Zeit, um \u00fcber ein paar unserer Projekte in den abgeschlossenen Projekten Men\u00fc angezeigt gehen. Wir haben zusammen eine umfassende Liste zeigt die Leistungsf\u00e4higkeit und Reichweite von NCT setzen.<\/p>\n<p>Wenn Sie einen Prozess oder Maschine, die nicht aufgef\u00fchrt ist, bitte z\u00f6gern Sie nicht, uns zu kontaktieren. Wir genie\u00dfen eine neue Herausforderung.<\/p>\n","protected":false},"excerpt":{"rendered":"<p>In unsere 10-j\u00e4hrigen Geschichte haben wir nicht nur abgeschlossene Projekte f\u00fcr Unternehmen in den USA, sondern in der ganzen Welt. Egal wie klein oder gro\u00df das Projekt, gaben wir einander unsere ungeteilte Aufmerksamkeit professioneller. Einige der Maschinen und Projekte, die wir in beteiligt sind, werden verwendet, um das Flugzeug fliegen Sie auf zu bauen, die [&hellip;]<\/p>\n","protected":false},"author":3,"featured_media":0,"parent":0,"menu_order":0,"comment_status":"open","ping_status":"open","template":"","meta":{"ngg_post_thumbnail":0,"footnotes":""},"class_list":["post-2007","page","type-page","status-publish","hentry","entry"],"_links":{"self":[{"href":"https:\/\/nct-us.com\/de\/wp-json\/wp\/v2\/pages\/2007","targetHints":{"allow":["GET"]}}],"collection":[{"href":"https:\/\/nct-us.com\/de\/wp-json\/wp\/v2\/pages"}],"about":[{"href":"https:\/\/nct-us.com\/de\/wp-json\/wp\/v2\/types\/page"}],"author":[{"embeddable":true,"href":"https:\/\/nct-us.com\/de\/wp-json\/wp\/v2\/users\/3"}],"replies":[{"embeddable":true,"href":"https:\/\/nct-us.com\/de\/wp-json\/wp\/v2\/comments?post=2007"}],"version-history":[{"count":0,"href":"https:\/\/nct-us.com\/de\/wp-json\/wp\/v2\/pages\/2007\/revisions"}],"wp:attachment":[{"href":"https:\/\/nct-us.com\/de\/wp-json\/wp\/v2\/media?parent=2007"}],"curies":[{"name":"wp","href":"https:\/\/api.w.org\/{rel}","templated":true}]}}