{"id":2003,"date":"2013-04-23T13:48:56","date_gmt":"2013-04-23T18:48:56","guid":{"rendered":"http:\/\/b0fcf05097.nxcli.io\/?page_id=2003"},"modified":"2013-04-23T13:50:01","modified_gmt":"2013-04-23T18:50:01","slug":"strama-3","status":"publish","type":"page","link":"https:\/\/nct-us.com\/de\/strama-3\/","title":{"rendered":"STRAMA"},"content":{"rendered":"<p><a href=\"http:\/\/www.strama-mps.de\/index.php?id=16&#038;L=1\"><img loading=\"lazy\" decoding=\"async\" src=\"https:\/\/nct-us.com\/wp-content\/uploads\/2012\/09\/Strama-Logo_Color-300x72.jpg\" alt=\"Strama-Logo_Color\" width=\"300\" height=\"72\" class=\"aligncenter size-medium wp-image-1695\" srcset=\"https:\/\/nct-us.com\/wp-content\/uploads\/2012\/09\/Strama-Logo_Color-300x72.jpg 300w, https:\/\/nct-us.com\/wp-content\/uploads\/2012\/09\/Strama-Logo_Color-1024x248.jpg 1024w\" sizes=\"auto, (max-width: 300px) 100vw, 300px\" \/><\/a><\/p>\n<p>Die Gesch\u00e4ftsbeziehung zwischen STRAMA-MPS und NCT ist seit \u00fcber einem Jahrzehnt existiert und seit 2012 sind wir die offizielle Vertretung f\u00fcr STRAMA-MPS in den Vereinigten Staaten.<br \/>\nAls Sondermaschinenbau und Automatisierungstechnik Lieferanten ist STRAMA-MPS tief mit der Industrie verbunden Aautomotive.<br \/>\nF\u00fcr ihre US-Kunden k\u00fcmmern wir uns um Maschine Lieferungen und Einrichten, Wartung, Garantie und Service sowie re-Design und Re Werkzeuge von der STRAMA-MPS Ausr\u00fcstung.<br \/>\nF\u00fcr weitere Informationen \u00fcber STRAMA-MPS klicken Sie bitte auf das Logo, um wieder auf ihre Website geleitet werden.<\/p>\n","protected":false},"excerpt":{"rendered":"<p>Die Gesch\u00e4ftsbeziehung zwischen STRAMA-MPS und NCT ist seit \u00fcber einem Jahrzehnt existiert und seit 2012 sind wir die offizielle Vertretung f\u00fcr STRAMA-MPS in den Vereinigten Staaten. Als Sondermaschinenbau und Automatisierungstechnik Lieferanten ist STRAMA-MPS tief mit der Industrie verbunden Aautomotive. F\u00fcr ihre US-Kunden k\u00fcmmern wir uns um Maschine Lieferungen und Einrichten, Wartung, Garantie und Service sowie [&hellip;]<\/p>\n","protected":false},"author":3,"featured_media":0,"parent":0,"menu_order":0,"comment_status":"open","ping_status":"open","template":"","meta":{"ngg_post_thumbnail":0,"footnotes":""},"class_list":["post-2003","page","type-page","status-publish","hentry","entry"],"_links":{"self":[{"href":"https:\/\/nct-us.com\/de\/wp-json\/wp\/v2\/pages\/2003","targetHints":{"allow":["GET"]}}],"collection":[{"href":"https:\/\/nct-us.com\/de\/wp-json\/wp\/v2\/pages"}],"about":[{"href":"https:\/\/nct-us.com\/de\/wp-json\/wp\/v2\/types\/page"}],"author":[{"embeddable":true,"href":"https:\/\/nct-us.com\/de\/wp-json\/wp\/v2\/users\/3"}],"replies":[{"embeddable":true,"href":"https:\/\/nct-us.com\/de\/wp-json\/wp\/v2\/comments?post=2003"}],"version-history":[{"count":2,"href":"https:\/\/nct-us.com\/de\/wp-json\/wp\/v2\/pages\/2003\/revisions"}],"predecessor-version":[{"id":2005,"href":"https:\/\/nct-us.com\/de\/wp-json\/wp\/v2\/pages\/2003\/revisions\/2005"}],"wp:attachment":[{"href":"https:\/\/nct-us.com\/de\/wp-json\/wp\/v2\/media?parent=2003"}],"curies":[{"name":"wp","href":"https:\/\/api.w.org\/{rel}","templated":true}]}}