{"id":2001,"date":"2013-04-23T13:47:20","date_gmt":"2013-04-23T18:47:20","guid":{"rendered":"http:\/\/b0fcf05097.nxcli.io\/?page_id=2001"},"modified":"2013-04-23T13:47:20","modified_gmt":"2013-04-23T18:47:20","slug":"rwt-3","status":"publish","type":"page","link":"https:\/\/nct-us.com\/de\/rwt-3\/","title":{"rendered":"RWT"},"content":{"rendered":"<p><a href=\"http:\/\/www.rollwalztechnik.de\/en\/\"><img loading=\"lazy\" decoding=\"async\" class=\"aligncenter size-medium wp-image-1104\" title=\"Rollwalztechnik\" alt=\"\" src=\"https:\/\/nct-us.com\/wp-content\/uploads\/2012\/04\/Rollwalztechnik-300x47.jpg\" width=\"300\" height=\"47\" srcset=\"https:\/\/nct-us.com\/wp-content\/uploads\/2012\/04\/Rollwalztechnik-300x47.jpg 300w, https:\/\/nct-us.com\/wp-content\/uploads\/2012\/04\/Rollwalztechnik.jpg 745w\" sizes=\"auto, (max-width: 300px) 100vw, 300px\" \/><\/a><\/p>\n<p>RWT ist eine s\u00fcdliche Deutschland ans\u00e4ssiger Hersteller von Walzformen Ausr\u00fcstung.<br \/>\nNCT Darstellung RWT begann im Jahr 2008. Wir haben mehrere Walzwerke von RWT in Montagelinien und als Stand-alone-Maschinen integriert.<br \/>\nNeben Umsatz-und eingerichtet, bieten wir Ersatzteile, Service und Wartung f\u00fcr RWT Maschinen in den USA<br \/>\nF\u00fcr weitere Informationen \u00fcber RWT klicken Sie bitte auf das Logo oben auf der Seite. Sie werden auf RWT Website gerichtet werden.<\/p>\n","protected":false},"excerpt":{"rendered":"<p>RWT ist eine s\u00fcdliche Deutschland ans\u00e4ssiger Hersteller von Walzformen Ausr\u00fcstung. NCT Darstellung RWT begann im Jahr 2008. Wir haben mehrere Walzwerke von RWT in Montagelinien und als Stand-alone-Maschinen integriert. Neben Umsatz-und eingerichtet, bieten wir Ersatzteile, Service und Wartung f\u00fcr RWT Maschinen in den USA F\u00fcr weitere Informationen \u00fcber RWT klicken Sie bitte auf das Logo [&hellip;]<\/p>\n","protected":false},"author":3,"featured_media":0,"parent":0,"menu_order":0,"comment_status":"open","ping_status":"open","template":"","meta":{"ngg_post_thumbnail":0,"footnotes":""},"class_list":["post-2001","page","type-page","status-publish","hentry","entry"],"_links":{"self":[{"href":"https:\/\/nct-us.com\/de\/wp-json\/wp\/v2\/pages\/2001","targetHints":{"allow":["GET"]}}],"collection":[{"href":"https:\/\/nct-us.com\/de\/wp-json\/wp\/v2\/pages"}],"about":[{"href":"https:\/\/nct-us.com\/de\/wp-json\/wp\/v2\/types\/page"}],"author":[{"embeddable":true,"href":"https:\/\/nct-us.com\/de\/wp-json\/wp\/v2\/users\/3"}],"replies":[{"embeddable":true,"href":"https:\/\/nct-us.com\/de\/wp-json\/wp\/v2\/comments?post=2001"}],"version-history":[{"count":1,"href":"https:\/\/nct-us.com\/de\/wp-json\/wp\/v2\/pages\/2001\/revisions"}],"predecessor-version":[{"id":2002,"href":"https:\/\/nct-us.com\/de\/wp-json\/wp\/v2\/pages\/2001\/revisions\/2002"}],"wp:attachment":[{"href":"https:\/\/nct-us.com\/de\/wp-json\/wp\/v2\/media?parent=2001"}],"curies":[{"name":"wp","href":"https:\/\/api.w.org\/{rel}","templated":true}]}}