{"id":1999,"date":"2013-04-23T13:25:45","date_gmt":"2013-04-23T18:25:45","guid":{"rendered":"http:\/\/b0fcf05097.nxcli.io\/?page_id=1999"},"modified":"2013-04-23T13:25:45","modified_gmt":"2013-04-23T18:25:45","slug":"stiwa-2","status":"publish","type":"page","link":"https:\/\/nct-us.com\/de\/stiwa-2\/","title":{"rendered":"STIWA"},"content":{"rendered":"<p><a href=\"http:\/\/www.stiwa.com\/en\/home\/\"><img loading=\"lazy\" decoding=\"async\" class=\"aligncenter size-full wp-image-951\" title=\"Stiwa\" alt=\"\" src=\"https:\/\/nct-us.com\/wp-content\/uploads\/2012\/08\/stiwa-group_logo.gif\" width=\"144\" height=\"58\" \/><\/a><\/p>\n<p>Wir haben mit STIWA seit 2006 an Projekten in den USA und Mexiko. STIWA ist ein Anbieter von High-Speed-Automatisierung f\u00fcr die Automotive, Pharmaseutical-und Konsumg\u00fcterindustrie. Wir k\u00fcmmern uns um alle Aspekte eines reopresntation f\u00fcr STIWA.<\/p>\n<p>In den USA ist derzeit die STIWA Automobil-und Pharmaindustrie, in Mexiko ist es das Sprengstoff-Industrie ist f\u00fcr den Bergbau. Alle diese Bereiche erfordern \u00fcberdurchschnittliche F\u00e4higkeiten und intensive Liebe zum Detail, die NCT in der Lage, zu liefern.<\/p>\n<p>F\u00fcr weitere Informationen \u00fcber STIWA klicken Sie bitte auf das Logo oben auf der Seite. Sie werden auf STWA Website gerichtet werden.<\/p>\n","protected":false},"excerpt":{"rendered":"<p>Wir haben mit STIWA seit 2006 an Projekten in den USA und Mexiko. STIWA ist ein Anbieter von High-Speed-Automatisierung f\u00fcr die Automotive, Pharmaseutical-und Konsumg\u00fcterindustrie. Wir k\u00fcmmern uns um alle Aspekte eines reopresntation f\u00fcr STIWA. In den USA ist derzeit die STIWA Automobil-und Pharmaindustrie, in Mexiko ist es das Sprengstoff-Industrie ist f\u00fcr den Bergbau. Alle diese [&hellip;]<\/p>\n","protected":false},"author":3,"featured_media":0,"parent":0,"menu_order":0,"comment_status":"open","ping_status":"open","template":"","meta":{"ngg_post_thumbnail":0,"footnotes":""},"class_list":["post-1999","page","type-page","status-publish","hentry","entry"],"_links":{"self":[{"href":"https:\/\/nct-us.com\/de\/wp-json\/wp\/v2\/pages\/1999","targetHints":{"allow":["GET"]}}],"collection":[{"href":"https:\/\/nct-us.com\/de\/wp-json\/wp\/v2\/pages"}],"about":[{"href":"https:\/\/nct-us.com\/de\/wp-json\/wp\/v2\/types\/page"}],"author":[{"embeddable":true,"href":"https:\/\/nct-us.com\/de\/wp-json\/wp\/v2\/users\/3"}],"replies":[{"embeddable":true,"href":"https:\/\/nct-us.com\/de\/wp-json\/wp\/v2\/comments?post=1999"}],"version-history":[{"count":1,"href":"https:\/\/nct-us.com\/de\/wp-json\/wp\/v2\/pages\/1999\/revisions"}],"predecessor-version":[{"id":2000,"href":"https:\/\/nct-us.com\/de\/wp-json\/wp\/v2\/pages\/1999\/revisions\/2000"}],"wp:attachment":[{"href":"https:\/\/nct-us.com\/de\/wp-json\/wp\/v2\/media?parent=1999"}],"curies":[{"name":"wp","href":"https:\/\/api.w.org\/{rel}","templated":true}]}}