{"id":1996,"date":"2013-04-23T13:06:56","date_gmt":"2013-04-23T18:06:56","guid":{"rendered":"http:\/\/b0fcf05097.nxcli.io\/?page_id=1996"},"modified":"2013-04-23T13:07:44","modified_gmt":"2013-04-23T18:07:44","slug":"mbb","status":"publish","type":"page","link":"https:\/\/nct-us.com\/de\/mbb\/","title":{"rendered":"MBB"},"content":{"rendered":"<p><a href=\"http:\/\/www.mbb-fertigungstechnik.com\/ft\/en\/start.html\"><img loading=\"lazy\" decoding=\"async\" class=\"aligncenter size-full wp-image-962\" title=\"MBB\" alt=\"\" src=\"https:\/\/nct-us.com\/wp-content\/uploads\/2012\/08\/MBB.png\" width=\"200\" height=\"60\" \/><\/a><\/p>\n<p>Ehemalige Erbauer der legend\u00e4ren Messerschmitt Jagdflugzeuge, in Deutschland ans\u00e4ssige MBB heute ist ein Systemlieferant f\u00fcr die Automobil-und Luftfahrtindustrie. Unsere Beziehung mit MBB seit NCT der Gr\u00fcndung im Jahr 2002 existierte. Wir k\u00fcmmern uns um alle Aspekte einer Darstellung wie Umsatz, Kundenkontakt, Versand und Zollabfertigung, gesetzt Ausr\u00fcstung up, weglaufen, Garantie, Wartung und Upgrades.<\/p>\n<p>Die meisten der Arbeit, die wir getan haben, mit MBB hat Automobil-und Luftfahrtindustrie. MBB und NCT arbeiteten zusammen, um die Vorrichtungen f\u00fcr die neue Boeing 787 Dreamliner zu bauen.<\/p>\n<p>Derzeit arbeiten wir aktiv mit MBB im Automotive-Bereich. Seit dem Beginn der Beziehung mit MBB wir mehr als zwei Dutzend vollautomatische Produktion \/ Montage-Systeme in der us.For Weitere Informationen \u00fcber die MBB installiert haben, klicken Sie bitte die MBB-Logo oben auf dieser Seite. Sie werden zu MBB Website gerichtet werden.<\/p>\n","protected":false},"excerpt":{"rendered":"<p>Ehemalige Erbauer der legend\u00e4ren Messerschmitt Jagdflugzeuge, in Deutschland ans\u00e4ssige MBB heute ist ein Systemlieferant f\u00fcr die Automobil-und Luftfahrtindustrie. Unsere Beziehung mit MBB seit NCT der Gr\u00fcndung im Jahr 2002 existierte. Wir k\u00fcmmern uns um alle Aspekte einer Darstellung wie Umsatz, Kundenkontakt, Versand und Zollabfertigung, gesetzt Ausr\u00fcstung up, weglaufen, Garantie, Wartung und Upgrades. Die meisten der [&hellip;]<\/p>\n","protected":false},"author":3,"featured_media":0,"parent":0,"menu_order":0,"comment_status":"open","ping_status":"open","template":"","meta":{"ngg_post_thumbnail":0,"footnotes":""},"class_list":["post-1996","page","type-page","status-publish","hentry","entry"],"_links":{"self":[{"href":"https:\/\/nct-us.com\/de\/wp-json\/wp\/v2\/pages\/1996","targetHints":{"allow":["GET"]}}],"collection":[{"href":"https:\/\/nct-us.com\/de\/wp-json\/wp\/v2\/pages"}],"about":[{"href":"https:\/\/nct-us.com\/de\/wp-json\/wp\/v2\/types\/page"}],"author":[{"embeddable":true,"href":"https:\/\/nct-us.com\/de\/wp-json\/wp\/v2\/users\/3"}],"replies":[{"embeddable":true,"href":"https:\/\/nct-us.com\/de\/wp-json\/wp\/v2\/comments?post=1996"}],"version-history":[{"count":2,"href":"https:\/\/nct-us.com\/de\/wp-json\/wp\/v2\/pages\/1996\/revisions"}],"predecessor-version":[{"id":1998,"href":"https:\/\/nct-us.com\/de\/wp-json\/wp\/v2\/pages\/1996\/revisions\/1998"}],"wp:attachment":[{"href":"https:\/\/nct-us.com\/de\/wp-json\/wp\/v2\/media?parent=1996"}],"curies":[{"name":"wp","href":"https:\/\/api.w.org\/{rel}","templated":true}]}}