{"id":1992,"date":"2013-04-23T13:04:08","date_gmt":"2013-04-23T18:04:08","guid":{"rendered":"http:\/\/b0fcf05097.nxcli.io\/?page_id=1992"},"modified":"2013-04-23T13:04:38","modified_gmt":"2013-04-23T18:04:38","slug":"reprasentieren","status":"publish","type":"page","link":"https:\/\/nct-us.com\/de\/reprasentieren\/","title":{"rendered":"Repr\u00e4sentieren"},"content":{"rendered":"<p>Oft, wenn die Zusammenarbeit mit einem Unternehmen haben wir gebeten, ihre Interessen in unterschiedlichem Grad der Dienst stellen sind. Dies ist eine Vereinbarung, die wir sehr ernst nehmen und sich bem\u00fchen, die Werte dieser Gesellschaft umfassen, sowie unsere eigenen, an jeder Baustelle. Wie wir diese Unternehmen vertreten ist von gr\u00f6\u00dfter Bedeutung f\u00fcr uns, da wir f\u00fcr gegenseitigen Respekt und Vertrauen mit jedem arbeiten wir mit streben. Aufgrund dieser Professionalit\u00e4t pflegen wir eine offene und starke Beziehung mit all diesen Firmen.<\/p>\n<p>Wir stellen derzeit 4 Unternehmen, die Maschinen oder Flie\u00dfb\u00e4ndern im ganzen Land haben.<\/p>\n<p><a href=\"http:\/\/www.mbb-fertigungstechnik.com\/ft\/en\/start.html\"> <b> Messerschmitt-B\u00f6lkow-Blohm (MBB) <\/b> <\/a><\/p>\n<p>Unsere Beziehung mit MBB seit NCT der Gr\u00fcndung existierte. Als Vertreter unsere Aufgabe ist es, zu reparieren und zu warten Maschinen und Anlagen, die noch unter die Garantie. Normalerweise ist dies Ger\u00e4te, die NCT tats\u00e4chlich montiert und bis selbst festgelegt. Wie bei den anderen Unternehmen, die wir vertreten wir arbeiten autonom und sind frei, Re-Engineering problematischen Teile.<\/p>\n<p>Die meisten der Arbeit, die wir getan haben, mit MBB hat Automobil-und Luftfahrtindustrie. MBB und NCT arbeiteten zusammen, um die Vorrichtungen f\u00fcr die neue Boeing 787 Dreamliner zu bauen.<\/p>\n<p><a href=\"http:\/\/www.stiwa.com\/en\/home\/ \"> <b> STIWA <\/b> <\/a><\/p>\n<p>Wir haben mit STIWA seit 2006. W\u00e4hrend die meisten unserer Projekte in Indiana gelegen haben, haben wir auch in \u00d6sterreich, Mexiko und in den Vereinigten Staaten. Die Arbeit, die wir f\u00fcr Stiwa besteht aus f\u00fchrenden Maschinen baut, f\u00fchren Service und Wartung, Garantiearbeiten und Maschine baut.<\/p>\n<p><a href=\"http:\/\/www.rollwalztechnik.de\/en\/homepage.html\"> <b> Rollwalztechnik (RWT) <\/b> <\/a><\/p>\n<p>NCT Darstellung RWT begann im Jahr 2008. Wir haben mehrere Walzwerke von RWT integriert in Montagelinien in den USA Wir verkaufen auch ihre Rollformwerkzeuge, die auf fast jeder Marke von Rolle, die Ausr\u00fcstung verwendet werden kann.<\/p>\n<p><a href=\"http:\/\/http:\/\/www.strama-mps.de\/en\/homepage.html\"> <b> Strama MPS <\/b> <\/a><\/p>\n<p>NCT vor kurzem begonnen, die Strama MPS in Nordamerika. Wir richten, zu pflegen und rechtfertigen ihre Maschinen bundesweit. Das tun wir auch Maschinenumbauten und Upgrades von \u00e4lteren STRAMA Maschinen.<\/p>\n","protected":false},"excerpt":{"rendered":"<p>Oft, wenn die Zusammenarbeit mit einem Unternehmen haben wir gebeten, ihre Interessen in unterschiedlichem Grad der Dienst stellen sind. Dies ist eine Vereinbarung, die wir sehr ernst nehmen und sich bem\u00fchen, die Werte dieser Gesellschaft umfassen, sowie unsere eigenen, an jeder Baustelle. Wie wir diese Unternehmen vertreten ist von gr\u00f6\u00dfter Bedeutung f\u00fcr uns, da wir [&hellip;]<\/p>\n","protected":false},"author":3,"featured_media":0,"parent":0,"menu_order":0,"comment_status":"open","ping_status":"open","template":"","meta":{"ngg_post_thumbnail":0,"footnotes":""},"class_list":["post-1992","page","type-page","status-publish","hentry","entry"],"_links":{"self":[{"href":"https:\/\/nct-us.com\/de\/wp-json\/wp\/v2\/pages\/1992","targetHints":{"allow":["GET"]}}],"collection":[{"href":"https:\/\/nct-us.com\/de\/wp-json\/wp\/v2\/pages"}],"about":[{"href":"https:\/\/nct-us.com\/de\/wp-json\/wp\/v2\/types\/page"}],"author":[{"embeddable":true,"href":"https:\/\/nct-us.com\/de\/wp-json\/wp\/v2\/users\/3"}],"replies":[{"embeddable":true,"href":"https:\/\/nct-us.com\/de\/wp-json\/wp\/v2\/comments?post=1992"}],"version-history":[{"count":2,"href":"https:\/\/nct-us.com\/de\/wp-json\/wp\/v2\/pages\/1992\/revisions"}],"predecessor-version":[{"id":1994,"href":"https:\/\/nct-us.com\/de\/wp-json\/wp\/v2\/pages\/1992\/revisions\/1994"}],"wp:attachment":[{"href":"https:\/\/nct-us.com\/de\/wp-json\/wp\/v2\/media?parent=1992"}],"curies":[{"name":"wp","href":"https:\/\/api.w.org\/{rel}","templated":true}]}}