{"id":1989,"date":"2013-04-23T12:41:19","date_gmt":"2013-04-23T17:41:19","guid":{"rendered":"http:\/\/b0fcf05097.nxcli.io\/?page_id=1989"},"modified":"2013-04-23T12:41:19","modified_gmt":"2013-04-23T17:41:19","slug":"automotive-2","status":"publish","type":"page","link":"https:\/\/nct-us.com\/de\/automotive-2\/","title":{"rendered":"Automotive"},"content":{"rendered":"<p>NCT hat seinen Anfang in der Automobilindustrie und wir weiterhin eine starke Pr\u00e4senz in diesem Bereich haben. Die Produktion Anforderungen f\u00fcr die Automobilindustrie erfordern eine hohe Leistung von Pr\u00e4zision und hochwertige Teile. Wir sind in der Lage, diese Anforderungen mit unseren eigenen Designs und die unserer Partner-Unternehmen gerecht zu werden.<\/p>\n<p>NCT entwerfen und bauen fast jede Gr\u00f6\u00dfe von Turn-Key-Anlagen. Kleinere Projekte sind in unserem Danville Illinois Anlage, Gro\u00dfen in state of the art Einrichtungen in unserer Partnerfirmen durchgef\u00fchrt.<\/p>\n","protected":false},"excerpt":{"rendered":"<p>NCT hat seinen Anfang in der Automobilindustrie und wir weiterhin eine starke Pr\u00e4senz in diesem Bereich haben. Die Produktion Anforderungen f\u00fcr die Automobilindustrie erfordern eine hohe Leistung von Pr\u00e4zision und hochwertige Teile. Wir sind in der Lage, diese Anforderungen mit unseren eigenen Designs und die unserer Partner-Unternehmen gerecht zu werden. NCT entwerfen und bauen fast [&hellip;]<\/p>\n","protected":false},"author":3,"featured_media":0,"parent":0,"menu_order":0,"comment_status":"open","ping_status":"open","template":"","meta":{"ngg_post_thumbnail":0,"footnotes":""},"class_list":["post-1989","page","type-page","status-publish","hentry","entry"],"_links":{"self":[{"href":"https:\/\/nct-us.com\/de\/wp-json\/wp\/v2\/pages\/1989","targetHints":{"allow":["GET"]}}],"collection":[{"href":"https:\/\/nct-us.com\/de\/wp-json\/wp\/v2\/pages"}],"about":[{"href":"https:\/\/nct-us.com\/de\/wp-json\/wp\/v2\/types\/page"}],"author":[{"embeddable":true,"href":"https:\/\/nct-us.com\/de\/wp-json\/wp\/v2\/users\/3"}],"replies":[{"embeddable":true,"href":"https:\/\/nct-us.com\/de\/wp-json\/wp\/v2\/comments?post=1989"}],"version-history":[{"count":0,"href":"https:\/\/nct-us.com\/de\/wp-json\/wp\/v2\/pages\/1989\/revisions"}],"wp:attachment":[{"href":"https:\/\/nct-us.com\/de\/wp-json\/wp\/v2\/media?parent=1989"}],"curies":[{"name":"wp","href":"https:\/\/api.w.org\/{rel}","templated":true}]}}