{"id":1988,"date":"2013-04-23T12:39:42","date_gmt":"2013-04-23T17:39:42","guid":{"rendered":"http:\/\/b0fcf05097.nxcli.io\/?page_id=1988"},"modified":"2013-04-23T12:39:42","modified_gmt":"2013-04-23T17:39:42","slug":"luft-und-raumfahrt","status":"publish","type":"page","link":"https:\/\/nct-us.com\/de\/luft-und-raumfahrt\/","title":{"rendered":"Luft-und Raumfahrt"},"content":{"rendered":"<p>NCT verf\u00fcgt \u00fcber mehrere Jahre Erfahrung in der Arbeit in der Luftfahrtindustrie. Von Vorrichtungsbau f\u00fcr gro\u00dfe Flugzeughersteller zu Produktionsanlagen f\u00fcr Gasturbinen-Komponenten. Einige unserer Mitarbeiter haben in dem Gebiet als Flugzeugavionik Techniker f\u00fcr das Milit\u00e4r arbeitete.<\/p>\n<p>Die Luft-und Raumfahrt ist eine einzigartige und herausfordernde Branche, und wir sind gl\u00fccklich, ein Teil davon zu sein.<br \/>\nNCT selbst ist nicht ein gro\u00dfer Player in der Branche, aber einige von unseren Partnern und Kunden und haben eine lange und reiche Geschichte in der Branche.<br \/>\nDies geht aus dem Bau der ber\u00fchmten Messerschmitt Jagdflugzeuge des 2. Weltkrieges zu Weltklasse Motorkomponenten f\u00fcr moderne Verkehrsflugzeuge und Verteidigung Flugzeuge.<br \/>\nWir verstehen uns als zuverl\u00e4ssiger Partner und Lieferant f\u00fcr die Luftfahrt-Unternehmen von heute.<br \/>\nF\u00fcr Luft-und Raumfahrt-Projekte kontaktieren Sie bitte unseren Danville IL. Anlage.<\/p>\n","protected":false},"excerpt":{"rendered":"<p>NCT verf\u00fcgt \u00fcber mehrere Jahre Erfahrung in der Arbeit in der Luftfahrtindustrie. Von Vorrichtungsbau f\u00fcr gro\u00dfe Flugzeughersteller zu Produktionsanlagen f\u00fcr Gasturbinen-Komponenten. Einige unserer Mitarbeiter haben in dem Gebiet als Flugzeugavionik Techniker f\u00fcr das Milit\u00e4r arbeitete. Die Luft-und Raumfahrt ist eine einzigartige und herausfordernde Branche, und wir sind gl\u00fccklich, ein Teil davon zu sein. NCT selbst [&hellip;]<\/p>\n","protected":false},"author":3,"featured_media":0,"parent":0,"menu_order":0,"comment_status":"open","ping_status":"open","template":"","meta":{"ngg_post_thumbnail":0,"footnotes":""},"class_list":["post-1988","page","type-page","status-publish","hentry","entry"],"_links":{"self":[{"href":"https:\/\/nct-us.com\/de\/wp-json\/wp\/v2\/pages\/1988","targetHints":{"allow":["GET"]}}],"collection":[{"href":"https:\/\/nct-us.com\/de\/wp-json\/wp\/v2\/pages"}],"about":[{"href":"https:\/\/nct-us.com\/de\/wp-json\/wp\/v2\/types\/page"}],"author":[{"embeddable":true,"href":"https:\/\/nct-us.com\/de\/wp-json\/wp\/v2\/users\/3"}],"replies":[{"embeddable":true,"href":"https:\/\/nct-us.com\/de\/wp-json\/wp\/v2\/comments?post=1988"}],"version-history":[{"count":0,"href":"https:\/\/nct-us.com\/de\/wp-json\/wp\/v2\/pages\/1988\/revisions"}],"wp:attachment":[{"href":"https:\/\/nct-us.com\/de\/wp-json\/wp\/v2\/media?parent=1988"}],"curies":[{"name":"wp","href":"https:\/\/api.w.org\/{rel}","templated":true}]}}