{"id":1983,"date":"2013-04-23T12:36:30","date_gmt":"2013-04-23T17:36:30","guid":{"rendered":"http:\/\/b0fcf05097.nxcli.io\/?page_id=1983"},"modified":"2013-04-23T12:37:56","modified_gmt":"2013-04-23T17:37:56","slug":"industrien","status":"publish","type":"page","link":"https:\/\/nct-us.com\/de\/industrien\/","title":{"rendered":"Industrien"},"content":{"rendered":"<p>NCT verf\u00fcgt \u00fcber Erfahrung in den folgenden Branchen:<\/p>\n<p><a href=\"https:\/\/nct-us.com\/aerospace\"> <b> Luft-und Raumfahrt <\/b> <\/a><\/p>\n<p>In der Luft-und Raumfahrtindustrie haben wir Erfahrung in der Arbeit an Bord von Flugzeugen, die Einrichtung von Vorrichtungen f\u00fcr Flugzeug Transport und die Gestaltung und bauen Maschinen f\u00fcr Flugzeugkomponenten.<\/p>\n<p><a href=\"https:\/\/nct-us.com\/?page_id=608\"> <b> Automotive <\/b> <\/a><\/p>\n<p>F\u00fcr die Automobilindustrie Wir bauen und einzurichten Montagelinien mit unseren Partnern, entwerfen und entwickeln unsere eigenen Maschinen, und tun Wartung, Reparatur und Wiederaufbau auf fast jedem tipe von Maschinen und Anlagen.<\/p>\n","protected":false},"excerpt":{"rendered":"<p>NCT verf\u00fcgt \u00fcber Erfahrung in den folgenden Branchen: Luft-und Raumfahrt In der Luft-und Raumfahrtindustrie haben wir Erfahrung in der Arbeit an Bord von Flugzeugen, die Einrichtung von Vorrichtungen f\u00fcr Flugzeug Transport und die Gestaltung und bauen Maschinen f\u00fcr Flugzeugkomponenten. Automotive F\u00fcr die Automobilindustrie Wir bauen und einzurichten Montagelinien mit unseren Partnern, entwerfen und entwickeln unsere [&hellip;]<\/p>\n","protected":false},"author":3,"featured_media":0,"parent":0,"menu_order":0,"comment_status":"open","ping_status":"open","template":"","meta":{"ngg_post_thumbnail":0,"footnotes":""},"class_list":["post-1983","page","type-page","status-publish","hentry","entry"],"_links":{"self":[{"href":"https:\/\/nct-us.com\/de\/wp-json\/wp\/v2\/pages\/1983","targetHints":{"allow":["GET"]}}],"collection":[{"href":"https:\/\/nct-us.com\/de\/wp-json\/wp\/v2\/pages"}],"about":[{"href":"https:\/\/nct-us.com\/de\/wp-json\/wp\/v2\/types\/page"}],"author":[{"embeddable":true,"href":"https:\/\/nct-us.com\/de\/wp-json\/wp\/v2\/users\/3"}],"replies":[{"embeddable":true,"href":"https:\/\/nct-us.com\/de\/wp-json\/wp\/v2\/comments?post=1983"}],"version-history":[{"count":3,"href":"https:\/\/nct-us.com\/de\/wp-json\/wp\/v2\/pages\/1983\/revisions"}],"predecessor-version":[{"id":1985,"href":"https:\/\/nct-us.com\/de\/wp-json\/wp\/v2\/pages\/1983\/revisions\/1985"}],"wp:attachment":[{"href":"https:\/\/nct-us.com\/de\/wp-json\/wp\/v2\/media?parent=1983"}],"curies":[{"name":"wp","href":"https:\/\/api.w.org\/{rel}","templated":true}]}}